{"id":10964,"date":"2022-07-25T07:47:20","date_gmt":"2022-07-25T07:47:20","guid":{"rendered":"https:\/\/luxortilemosaic.com\/product\/antico-traverten-moulding-andorra-5x305x25-cm-andorra-2x12x1\/"},"modified":"2022-07-30T09:58:45","modified_gmt":"2022-07-30T09:58:45","slug":"antico-traverten-moulding-andorra-5x305x25-cm-andorra-2x12x1","status":"publish","type":"product","link":"https:\/\/luxortilemosaic.com\/tr\/urun\/antico-traverten-moulding-andorra-5x305x25-cm-andorra-2x12x1\/","title":{"rendered":"Antico Traverten Moulding Andorra 5X30,5X2,5 cm &#8211; Andorra 2X12X1&#8243;"},"content":{"rendered":"<section class=\"wpb-content-wrapper\"><p>[vc_row][vc_column css=&#8221;.vc_custom_1493038156710{margin-bottom: -15px !important;}&#8221;]\n\t\t<div id=\"wd-62d125f8732e8\" class=\"title-wrapper wd-wpb wd-set-mb reset-last-child  wd-rs-62d125f8732e8 wd-title-color-default wd-title-style-default text-left  wd-title-empty wd-underline-colored\">\n\t\t\t\n\t\t\t<div class=\"liner-continer\">\n\t\t\t\t<h4 class=\"woodmart-title-container title  wd-font-weight- wd-fontsize-m\" ><\/h4>\n\t\t\t\t\t\t\t<\/div>\n\t\t\t\n\t\t\t\n\t\t\t\n\t\t<\/div>\n\t\t\n\t\t[\/vc_column][\/vc_row][vc_row content_placement=&#8221;top&#8221;][vc_column offset=&#8221;vc_col-md-6&#8243;]\t\t<div id=\"wd-62d1162ac01f3\" class=\"wd-text-block wd-wpb reset-last-child wd-rs-62d1162ac01f3 text-left \">\n\t\t\t<p>White Lux&amp;Ocean Blue Mermer Fayasn 5X20X1 cm &#8211; 2X8X3\/8&#8243; karolar, beyaz ve koyu renklerin uyumuyla projelerinize farkl\u0131 bir boyut kat\u0131yor.<\/p>\n\t\t<\/div>\n\t\t[\/vc_column][vc_column offset=&#8221;vc_col-md-6&#8243;]\t\t<div id=\"wd-62d1285c22e7f\" class=\"wd-image wd-wpb wd-rs-62d1285c22e7f text-left \">\n\t\t\t\n\t\t\t<img loading=\"lazy\" decoding=\"async\" width=\"750\" height=\"373\" src=\"https:\/\/luxortilemosaic.com\/wp-content\/uploads\/2022\/07\/Size-406x61-1.jpg\" class=\"attachment-full size-full\" alt=\"Lilac Marble Tile 40,6\u00d761-size\" srcset=\"https:\/\/luxortilemosaic.com\/wp-content\/uploads\/2022\/07\/Size-406x61-1.jpg 750w, https:\/\/luxortilemosaic.com\/wp-content\/uploads\/2022\/07\/Size-406x61-1-400x199.jpg 400w, https:\/\/luxortilemosaic.com\/wp-content\/uploads\/2022\/07\/Size-406x61-1-430x214.jpg 430w, https:\/\/luxortilemosaic.com\/wp-content\/uploads\/2022\/07\/Size-406x61-1-700x348.jpg 700w, https:\/\/luxortilemosaic.com\/wp-content\/uploads\/2022\/07\/Size-406x61-1-150x75.jpg 150w, https:\/\/luxortilemosaic.com\/wp-content\/uploads\/2022\/07\/Size-406x61-1-100x50.jpg 100w\" sizes=\"auto, (max-width: 750px) 100vw, 750px\" \/>\n\t\t\t\t\t<\/div>\n\t\t[\/vc_column][\/vc_row]<\/p>\n<\/section>   ","protected":false},"excerpt":{"rendered":"<p>White Lux&amp;Ocean Blue Mermer karolar beyaz ve koyu renklerin uyumu ile projelerinize farkl\u0131 bir boyut katar. \u0130\u00e7 ve d\u0131\u015f mekan tasar\u0131mlar\u0131nda tercih edilen mermerler, farkl\u0131 y\u00fczey i\u015flemleri ile sergileniyor.<\/p>\n","protected":false},"featured_media":9807,"comment_status":"closed","ping_status":"closed","template":"","meta":{"_coblocks_attr":"","_coblocks_dimensions":"","_coblocks_responsive_height":"","_coblocks_accordion_ie_support":""},"product_brand":[],"product_cat":[493],"product_tag":[],"class_list":{"0":"post-10964","1":"product","2":"type-product","3":"status-publish","4":"has-post-thumbnail","6":"product_cat-eskitme","8":"first","9":"instock","10":"shipping-taxable","11":"product-type-simple"},"yoast_head":"<!-- This site is optimized with the Yoast SEO plugin v27.4 - https:\/\/yoast.com\/product\/yoast-seo-wordpress\/ -->\n<title>Antico Traverten Moulding Andorra 5X30,5X2,5 cm - Andorra 2X12X1&quot; - luxortilemosaic<\/title>\n<meta name=\"robots\" content=\"index, follow, max-snippet:-1, max-image-preview:large, max-video-preview:-1\" \/>\n<link rel=\"canonical\" href=\"https:\/\/luxortilemosaic.com\/tr\/urun\/antico-traverten-moulding-andorra-5x305x25-cm-andorra-2x12x1\/\" \/>\n<meta property=\"og:locale\" content=\"tr_TR\" \/>\n<meta property=\"og:type\" content=\"article\" \/>\n<meta property=\"og:title\" content=\"Antico Traverten Moulding Andorra 5X30,5X2,5 cm - Andorra 2X12X1&quot; - luxortilemosaic\" \/>\n<meta property=\"og:description\" content=\"White Lux&amp;Ocean Blue Mermer karolar beyaz ve koyu renklerin uyumu ile projelerinize farkl\u0131 bir boyut katar. \u0130\u00e7 ve d\u0131\u015f mekan tasar\u0131mlar\u0131nda tercih edilen mermerler, farkl\u0131 y\u00fczey i\u015flemleri ile sergileniyor.\" \/>\n<meta property=\"og:url\" content=\"https:\/\/luxortilemosaic.com\/tr\/urun\/antico-traverten-moulding-andorra-5x305x25-cm-andorra-2x12x1\/\" \/>\n<meta property=\"og:site_name\" content=\"luxortilemosaic\" \/>\n<meta property=\"article:modified_time\" content=\"2022-07-30T09:58:45+00:00\" \/>\n<meta property=\"og:image\" content=\"https:\/\/luxortilemosaic.com\/wp-content\/uploads\/2022\/07\/13.jpg\" \/>\n\t<meta property=\"og:image:width\" content=\"1200\" \/>\n\t<meta property=\"og:image:height\" content=\"1200\" \/>\n\t<meta property=\"og:image:type\" content=\"image\/jpeg\" \/>\n<meta name=\"twitter:card\" content=\"summary_large_image\" \/>\n<meta name=\"twitter:label1\" content=\"Tahmini okuma s\u00fcresi\" \/>\n\t<meta name=\"twitter:data1\" content=\"1 dakika\" \/>\n<script type=\"application\/ld+json\" class=\"yoast-schema-graph\">{\"@context\":\"https:\\\/\\\/schema.org\",\"@graph\":[{\"@type\":\"WebPage\",\"@id\":\"https:\\\/\\\/luxortilemosaic.com\\\/tr\\\/urun\\\/antico-traverten-moulding-andorra-5x305x25-cm-andorra-2x12x1\\\/\",\"url\":\"https:\\\/\\\/luxortilemosaic.com\\\/tr\\\/urun\\\/antico-traverten-moulding-andorra-5x305x25-cm-andorra-2x12x1\\\/\",\"name\":\"Antico Traverten Moulding Andorra 5X30,5X2,5 cm - Andorra 2X12X1\\\" - luxortilemosaic\",\"isPartOf\":{\"@id\":\"https:\\\/\\\/luxortilemosaic.com\\\/#website\"},\"primaryImageOfPage\":{\"@id\":\"https:\\\/\\\/luxortilemosaic.com\\\/tr\\\/urun\\\/antico-traverten-moulding-andorra-5x305x25-cm-andorra-2x12x1\\\/#primaryimage\"},\"image\":{\"@id\":\"https:\\\/\\\/luxortilemosaic.com\\\/tr\\\/urun\\\/antico-traverten-moulding-andorra-5x305x25-cm-andorra-2x12x1\\\/#primaryimage\"},\"thumbnailUrl\":\"https:\\\/\\\/luxortilemosaic.com\\\/wp-content\\\/uploads\\\/2022\\\/07\\\/13.jpg\",\"datePublished\":\"2022-07-25T07:47:20+00:00\",\"dateModified\":\"2022-07-30T09:58:45+00:00\",\"breadcrumb\":{\"@id\":\"https:\\\/\\\/luxortilemosaic.com\\\/tr\\\/urun\\\/antico-traverten-moulding-andorra-5x305x25-cm-andorra-2x12x1\\\/#breadcrumb\"},\"inLanguage\":\"tr\",\"potentialAction\":[{\"@type\":\"ReadAction\",\"target\":[\"https:\\\/\\\/luxortilemosaic.com\\\/tr\\\/urun\\\/antico-traverten-moulding-andorra-5x305x25-cm-andorra-2x12x1\\\/\"]}]},{\"@type\":\"ImageObject\",\"inLanguage\":\"tr\",\"@id\":\"https:\\\/\\\/luxortilemosaic.com\\\/tr\\\/urun\\\/antico-traverten-moulding-andorra-5x305x25-cm-andorra-2x12x1\\\/#primaryimage\",\"url\":\"https:\\\/\\\/luxortilemosaic.com\\\/wp-content\\\/uploads\\\/2022\\\/07\\\/13.jpg\",\"contentUrl\":\"https:\\\/\\\/luxortilemosaic.com\\\/wp-content\\\/uploads\\\/2022\\\/07\\\/13.jpg\",\"width\":1200,\"height\":1200,\"caption\":\"Ivory Travertine Moulding Andorra 5X30,5X2,5 cm - Andorra 2X12X1\\\"\"},{\"@type\":\"BreadcrumbList\",\"@id\":\"https:\\\/\\\/luxortilemosaic.com\\\/tr\\\/urun\\\/antico-traverten-moulding-andorra-5x305x25-cm-andorra-2x12x1\\\/#breadcrumb\",\"itemListElement\":[{\"@type\":\"ListItem\",\"position\":1,\"name\":\"Home\",\"item\":\"https:\\\/\\\/luxortilemosaic.com\\\/tr\\\/\"},{\"@type\":\"ListItem\",\"position\":2,\"name\":\"Shop\",\"item\":\"https:\\\/\\\/luxortilemosaic.com\\\/shop\\\/\"},{\"@type\":\"ListItem\",\"position\":3,\"name\":\"Antico Traverten Moulding Andorra 5X30,5X2,5 cm &#8211; Andorra 2X12X1&#8243;\"}]},{\"@type\":\"WebSite\",\"@id\":\"https:\\\/\\\/luxortilemosaic.com\\\/#website\",\"url\":\"https:\\\/\\\/luxortilemosaic.com\\\/\",\"name\":\"luxortilemosaic\",\"description\":\"luxor tile &amp; mosaic.\",\"potentialAction\":[{\"@type\":\"SearchAction\",\"target\":{\"@type\":\"EntryPoint\",\"urlTemplate\":\"https:\\\/\\\/luxortilemosaic.com\\\/?s={search_term_string}\"},\"query-input\":{\"@type\":\"PropertyValueSpecification\",\"valueRequired\":true,\"valueName\":\"search_term_string\"}}],\"inLanguage\":\"tr\"}]}<\/script>\n<!-- \/ Yoast SEO plugin. -->","yoast_head_json":{"title":"Antico Traverten Moulding Andorra 5X30,5X2,5 cm - Andorra 2X12X1\" - luxortilemosaic","robots":{"index":"index","follow":"follow","max-snippet":"max-snippet:-1","max-image-preview":"max-image-preview:large","max-video-preview":"max-video-preview:-1"},"canonical":"https:\/\/luxortilemosaic.com\/tr\/urun\/antico-traverten-moulding-andorra-5x305x25-cm-andorra-2x12x1\/","og_locale":"tr_TR","og_type":"article","og_title":"Antico Traverten Moulding Andorra 5X30,5X2,5 cm - Andorra 2X12X1\" - luxortilemosaic","og_description":"White Lux&amp;Ocean Blue Mermer karolar beyaz ve koyu renklerin uyumu ile projelerinize farkl\u0131 bir boyut katar. \u0130\u00e7 ve d\u0131\u015f mekan tasar\u0131mlar\u0131nda tercih edilen mermerler, farkl\u0131 y\u00fczey i\u015flemleri ile sergileniyor.","og_url":"https:\/\/luxortilemosaic.com\/tr\/urun\/antico-traverten-moulding-andorra-5x305x25-cm-andorra-2x12x1\/","og_site_name":"luxortilemosaic","article_modified_time":"2022-07-30T09:58:45+00:00","og_image":[{"width":1200,"height":1200,"url":"https:\/\/luxortilemosaic.com\/wp-content\/uploads\/2022\/07\/13.jpg","type":"image\/jpeg"}],"twitter_card":"summary_large_image","twitter_misc":{"Tahmini okuma s\u00fcresi":"1 dakika"},"schema":{"@context":"https:\/\/schema.org","@graph":[{"@type":"WebPage","@id":"https:\/\/luxortilemosaic.com\/tr\/urun\/antico-traverten-moulding-andorra-5x305x25-cm-andorra-2x12x1\/","url":"https:\/\/luxortilemosaic.com\/tr\/urun\/antico-traverten-moulding-andorra-5x305x25-cm-andorra-2x12x1\/","name":"Antico Traverten Moulding Andorra 5X30,5X2,5 cm - Andorra 2X12X1\" - luxortilemosaic","isPartOf":{"@id":"https:\/\/luxortilemosaic.com\/#website"},"primaryImageOfPage":{"@id":"https:\/\/luxortilemosaic.com\/tr\/urun\/antico-traverten-moulding-andorra-5x305x25-cm-andorra-2x12x1\/#primaryimage"},"image":{"@id":"https:\/\/luxortilemosaic.com\/tr\/urun\/antico-traverten-moulding-andorra-5x305x25-cm-andorra-2x12x1\/#primaryimage"},"thumbnailUrl":"https:\/\/luxortilemosaic.com\/wp-content\/uploads\/2022\/07\/13.jpg","datePublished":"2022-07-25T07:47:20+00:00","dateModified":"2022-07-30T09:58:45+00:00","breadcrumb":{"@id":"https:\/\/luxortilemosaic.com\/tr\/urun\/antico-traverten-moulding-andorra-5x305x25-cm-andorra-2x12x1\/#breadcrumb"},"inLanguage":"tr","potentialAction":[{"@type":"ReadAction","target":["https:\/\/luxortilemosaic.com\/tr\/urun\/antico-traverten-moulding-andorra-5x305x25-cm-andorra-2x12x1\/"]}]},{"@type":"ImageObject","inLanguage":"tr","@id":"https:\/\/luxortilemosaic.com\/tr\/urun\/antico-traverten-moulding-andorra-5x305x25-cm-andorra-2x12x1\/#primaryimage","url":"https:\/\/luxortilemosaic.com\/wp-content\/uploads\/2022\/07\/13.jpg","contentUrl":"https:\/\/luxortilemosaic.com\/wp-content\/uploads\/2022\/07\/13.jpg","width":1200,"height":1200,"caption":"Ivory Travertine Moulding Andorra 5X30,5X2,5 cm - Andorra 2X12X1\""},{"@type":"BreadcrumbList","@id":"https:\/\/luxortilemosaic.com\/tr\/urun\/antico-traverten-moulding-andorra-5x305x25-cm-andorra-2x12x1\/#breadcrumb","itemListElement":[{"@type":"ListItem","position":1,"name":"Home","item":"https:\/\/luxortilemosaic.com\/tr\/"},{"@type":"ListItem","position":2,"name":"Shop","item":"https:\/\/luxortilemosaic.com\/shop\/"},{"@type":"ListItem","position":3,"name":"Antico Traverten Moulding Andorra 5X30,5X2,5 cm &#8211; Andorra 2X12X1&#8243;"}]},{"@type":"WebSite","@id":"https:\/\/luxortilemosaic.com\/#website","url":"https:\/\/luxortilemosaic.com\/","name":"luxortilemosaic","description":"luxor tile &amp; mosaic.","potentialAction":[{"@type":"SearchAction","target":{"@type":"EntryPoint","urlTemplate":"https:\/\/luxortilemosaic.com\/?s={search_term_string}"},"query-input":{"@type":"PropertyValueSpecification","valueRequired":true,"valueName":"search_term_string"}}],"inLanguage":"tr"}]}},"_links":{"self":[{"href":"https:\/\/luxortilemosaic.com\/tr\/wp-json\/wp\/v2\/product\/10964","targetHints":{"allow":["GET"]}}],"collection":[{"href":"https:\/\/luxortilemosaic.com\/tr\/wp-json\/wp\/v2\/product"}],"about":[{"href":"https:\/\/luxortilemosaic.com\/tr\/wp-json\/wp\/v2\/types\/product"}],"replies":[{"embeddable":true,"href":"https:\/\/luxortilemosaic.com\/tr\/wp-json\/wp\/v2\/comments?post=10964"}],"wp:featuredmedia":[{"embeddable":true,"href":"https:\/\/luxortilemosaic.com\/tr\/wp-json\/wp\/v2\/media\/9807"}],"wp:attachment":[{"href":"https:\/\/luxortilemosaic.com\/tr\/wp-json\/wp\/v2\/media?parent=10964"}],"wp:term":[{"taxonomy":"product_brand","embeddable":true,"href":"https:\/\/luxortilemosaic.com\/tr\/wp-json\/wp\/v2\/product_brand?post=10964"},{"taxonomy":"product_cat","embeddable":true,"href":"https:\/\/luxortilemosaic.com\/tr\/wp-json\/wp\/v2\/product_cat?post=10964"},{"taxonomy":"product_tag","embeddable":true,"href":"https:\/\/luxortilemosaic.com\/tr\/wp-json\/wp\/v2\/product_tag?post=10964"}],"curies":[{"name":"wp","href":"https:\/\/api.w.org\/{rel}","templated":true}]}}